{"id":2238,"date":"2022-11-14T10:39:44","date_gmt":"2022-11-14T07:39:44","guid":{"rendered":"https:\/\/baklanmeyvecilik.com\/?page_id=2238"},"modified":"2022-11-14T18:03:44","modified_gmt":"2022-11-14T15:03:44","slug":"gr-regenerative-bio-landwirthschaft","status":"publish","type":"page","link":"https:\/\/baklanmeyvecilik.com\/?page_id=2238","title":{"rendered":"Regenerative Bio Landwirtschaft"},"content":{"rendered":"\t\t<div data-elementor-type=\"wp-page\" data-elementor-id=\"2238\" class=\"elementor elementor-2238\">\r\n\t\t\t\t\t\t\t\t\t<section class=\"elementor-section elementor-top-section elementor-element elementor-element-008c8bc elementor-section-full_width elementor-section-stretched elementor-section-height-default elementor-section-height-default\" data-id=\"008c8bc\" data-element_type=\"section\" data-settings=\"{&quot;stretch_section&quot;:&quot;section-stretched&quot;,&quot;shape_divider_bottom&quot;:&quot;mountains&quot;}\">\r\n\t\t\t\t\t\t\t<div class=\"elementor-background-overlay\"><\/div>\r\n\t\t\t\t\t\t<div class=\"elementor-shape elementor-shape-bottom\" data-negative=\"false\">\r\n\t\t\t<svg xmlns=\"http:\/\/www.w3.org\/2000\/svg\" viewBox=\"0 0 1000 100\" preserveAspectRatio=\"none\">\r\n\t<path class=\"elementor-shape-fill\" opacity=\"0.33\" d=\"M473,67.3c-203.9,88.3-263.1-34-320.3,0C66,119.1,0,59.7,0,59.7V0h1000v59.7 c0,0-62.1,26.1-94.9,29.3c-32.8,3.3-62.8-12.3-75.8-22.1C806,49.6,745.3,8.7,694.9,4.7S492.4,59,473,67.3z\"\/>\r\n\t<path class=\"elementor-shape-fill\" opacity=\"0.66\" d=\"M734,67.3c-45.5,0-77.2-23.2-129.1-39.1c-28.6-8.7-150.3-10.1-254,39.1 s-91.7-34.4-149.2,0C115.7,118.3,0,39.8,0,39.8V0h1000v36.5c0,0-28.2-18.5-92.1-18.5C810.2,18.1,775.7,67.3,734,67.3z\"\/>\r\n\t<path class=\"elementor-shape-fill\" d=\"M766.1,28.9c-200-57.5-266,65.5-395.1,19.5C242,1.8,242,5.4,184.8,20.6C128,35.8,132.3,44.9,89.9,52.5C28.6,63.7,0,0,0,0 h1000c0,0-9.9,40.9-83.6,48.1S829.6,47,766.1,28.9z\"\/>\r\n<\/svg>\t\t<\/div>\r\n\t\t\t\t\t<div class=\"elementor-container elementor-column-gap-no\">\r\n\t\t\t\t\t<div class=\"elementor-column elementor-col-100 elementor-top-column elementor-element elementor-element-6243187\" data-id=\"6243187\" data-element_type=\"column\">\r\n\t\t\t<div class=\"elementor-widget-wrap elementor-element-populated\">\r\n\t\t\t\t\t\t\t\t<div class=\"elementor-element elementor-element-8e1b4ac elementor-widget elementor-widget-slider_revolution\" data-id=\"8e1b4ac\" data-element_type=\"widget\" data-widget_type=\"slider_revolution.default\">\r\n\t\t\t\t<div class=\"elementor-widget-container\">\r\n\t\t\t\n\t\t<div class=\"wp-block-themepunch-revslider\">\n\t\t\t<!-- START ONARICI REVOLUTION SLIDER 6.7.28 --><p class=\"rs-p-wp-fix\"><\/p>\n\t\t\t<rs-module-wrap id=\"rev_slider_8_1_wrapper\" data-source=\"gallery\" style=\"visibility:hidden;background:transparent;padding:0;margin:0px auto;margin-top:0;margin-bottom:0;\">\n\t\t\t\t<rs-module id=\"rev_slider_8_1\" style=\"\" data-version=\"6.7.28\">\n\t\t\t\t\t<rs-slides style=\"overflow: hidden; position: absolute;\">\n\t\t\t\t\t\t<rs-slide style=\"position: absolute;\" data-key=\"rs-12\" data-title=\"Slide\" data-anim=\"adpr:false;\" data-in=\"o:0;\" data-out=\"a:false;\">\n\t\t\t\t\t\t\t<img decoding=\"async\" src=\"\/\/baklanmeyvecilik.com\/wp-content\/plugins\/revslider\/sr6\/assets\/assets\/dummy.png\" alt=\"\" title=\"onaricitarim_2_12.jpeg\" width=\"1920\" height=\"1080\" class=\"rev-slidebg tp-rs-img rs-lazyload\" data-lazyload=\"\/\/baklan.sinajans.com\/wp-content\/uploads\/revslider\/video-media\/onaricitarim_2_12.jpeg\" data-no-retina>\n\t\t\t\t\t\t\t<rs-bgvideo \n\t\t\t\t\t\t\t\tdata-video=\"w:100%;h:100%;nse:false;l:true;ptimer:false;vfc:true;\"\n\t\t\t\t\t\t\t\tdata-mp4=\"\/\/baklanmeyvecilik.com\/wp-content\/uploads\/2022\/08\/onaricitarim_2.mp4\"\n\t\t\t\t\t\t\t><\/rs-bgvideo>\n<!---->\t\t\t\t\t<\/rs-slide>\n\t\t\t\t\t<\/rs-slides>\n\t\t\t\t<\/rs-module>\n\t\t\t\t<script>\n\t\t\t\t\tsetREVStartSize({c: 'rev_slider_8_1',rl:[1240,1024,778,480],el:[600],gw:[1240],gh:[600],type:'standard',justify:'',layout:'fullwidth',mh:\"0\"});if (window.RS_MODULES!==undefined && window.RS_MODULES.modules!==undefined && window.RS_MODULES.modules[\"revslider81\"]!==undefined) {window.RS_MODULES.modules[\"revslider81\"].once = false;window.revapi8 = undefined;if (window.RS_MODULES.checkMinimal!==undefined) window.RS_MODULES.checkMinimal()}\n\t\t\t\t<\/script>\n\t\t\t<\/rs-module-wrap>\n\t\t\t<!-- END REVOLUTION SLIDER -->\n<\/div>\n\n\t\t\t\t<\/div>\r\n\t\t\t\t<\/div>\r\n\t\t\t\t\t<\/div>\r\n\t\t<\/div>\r\n\t\t\t\t\t\t\t<\/div>\r\n\t\t<\/section>\r\n\t\t\t\t<section class=\"elementor-section elementor-top-section elementor-element elementor-element-fc6fb4e elementor-section-stretched elementor-section-full_width elementor-section-height-default elementor-section-height-default\" data-id=\"fc6fb4e\" data-element_type=\"section\" data-settings=\"{&quot;stretch_section&quot;:&quot;section-stretched&quot;,&quot;background_background&quot;:&quot;classic&quot;}\">\r\n\t\t\t\t\t\t\t<div class=\"elementor-background-overlay\"><\/div>\r\n\t\t\t\t\t\t\t<div class=\"elementor-container elementor-column-gap-no\">\r\n\t\t\t\t\t<div class=\"elementor-column elementor-col-100 elementor-top-column elementor-element elementor-element-d731a9d\" data-id=\"d731a9d\" data-element_type=\"column\">\r\n\t\t\t<div class=\"elementor-widget-wrap elementor-element-populated\">\r\n\t\t\t\t\t\t\t\t<div class=\"elementor-element elementor-element-508dba1 elementor-widget elementor-widget-spacer\" data-id=\"508dba1\" data-element_type=\"widget\" data-widget_type=\"spacer.default\">\r\n\t\t\t\t<div class=\"elementor-widget-container\">\r\n\t\t\t<style>\/*! elementor - v3.6.8 - 27-07-2022 *\/\r\n.e-container.e-container--row .elementor-spacer-inner{width:var(--spacer-size)}.e-container.e-container--column .elementor-spacer-inner,.elementor-column .elementor-spacer-inner{height:var(--spacer-size)}<\/style>\t\t<div class=\"elementor-spacer\">\r\n\t\t\t<div class=\"elementor-spacer-inner\"><\/div>\r\n\t\t<\/div>\r\n\t\t\t\t<\/div>\r\n\t\t\t\t<\/div>\r\n\t\t\t\t<div class=\"elementor-element elementor-element-72a30b9 elementor-widget elementor-widget-heading\" data-id=\"72a30b9\" data-element_type=\"widget\" data-widget_type=\"heading.default\">\r\n\t\t\t\t<div class=\"elementor-widget-container\">\r\n\t\t\t<style>\/*! elementor - v3.6.8 - 27-07-2022 *\/\r\n.elementor-heading-title{padding:0;margin:0;line-height:1}.elementor-widget-heading .elementor-heading-title[class*=elementor-size-]>a{color:inherit;font-size:inherit;line-height:inherit}.elementor-widget-heading .elementor-heading-title.elementor-size-small{font-size:15px}.elementor-widget-heading .elementor-heading-title.elementor-size-medium{font-size:19px}.elementor-widget-heading .elementor-heading-title.elementor-size-large{font-size:29px}.elementor-widget-heading .elementor-heading-title.elementor-size-xl{font-size:39px}.elementor-widget-heading .elementor-heading-title.elementor-size-xxl{font-size:59px}<\/style><h2 class=\"elementor-heading-title elementor-size-default\">REGENERATIVE BIO-LANDWIRTSCHAFT<\/h2>\t\t<\/div>\r\n\t\t\t\t<\/div>\r\n\t\t\t\t<section class=\"elementor-section elementor-inner-section elementor-element elementor-element-97932de elementor-section-boxed elementor-section-height-default elementor-section-height-default\" data-id=\"97932de\" data-element_type=\"section\">\r\n\t\t\t\t\t\t<div class=\"elementor-container elementor-column-gap-default\">\r\n\t\t\t\t\t<div class=\"elementor-column elementor-col-50 elementor-inner-column elementor-element elementor-element-09db031\" data-id=\"09db031\" data-element_type=\"column\">\r\n\t\t\t<div class=\"elementor-widget-wrap elementor-element-populated\">\r\n\t\t\t\t\t\t\t\t<div class=\"elementor-element elementor-element-83951c3 elementor-widget elementor-widget-text-editor\" data-id=\"83951c3\" data-element_type=\"widget\" data-widget_type=\"text-editor.default\">\r\n\t\t\t\t<div class=\"elementor-widget-container\">\r\n\t\t\t<style>\/*! elementor - v3.6.8 - 27-07-2022 *\/\r\n.elementor-widget-text-editor.elementor-drop-cap-view-stacked .elementor-drop-cap{background-color:#818a91;color:#fff}.elementor-widget-text-editor.elementor-drop-cap-view-framed .elementor-drop-cap{color:#818a91;border:3px solid;background-color:transparent}.elementor-widget-text-editor:not(.elementor-drop-cap-view-default) .elementor-drop-cap{margin-top:8px}.elementor-widget-text-editor:not(.elementor-drop-cap-view-default) .elementor-drop-cap-letter{width:1em;height:1em}.elementor-widget-text-editor .elementor-drop-cap{float:left;text-align:center;line-height:1;font-size:50px}.elementor-widget-text-editor .elementor-drop-cap-letter{display:inline-block}<\/style>\t\t\t\t<p class=\"p1\">Wir bearbeiten unseren Boden nicht. Wir bewahren die Vielfalt der Vegetation und B\u00e4ume in unserem Land, das mit nat\u00fcrlich gewachsenen B\u00e4umen und Pflanzen bedeckt ist. Tag f\u00fcr Tag steigern wir unsere unterirdische und oberirdische Biodiversit\u00e4t.<\/p><p class=\"p1\">Wir erh\u00f6hen den Gehalt an organischer Substanz im Boden, indem wir regelm\u00e4\u00dfig Produkte zur Verbesserung der organischen Substanz und Wurmd\u00fcnger ausbringen.<\/p><p class=\"p1\">In unserem Betrieb handeln wir gemeinsam mit unserem Kleinvieh und Gefl\u00fcgel im ganzheitlichen Landwirtschaftsbewusstsein.<\/p><p>Mit unserer erneuerbaren und naturfreundlichen SES-Energiequelle decken wir die f\u00fcr alle unsere Prozesse ben\u00f6tigte elektrische Energie..<\/p>\t\t\t\t\t\t<\/div>\r\n\t\t\t\t<\/div>\r\n\t\t\t\t\t<\/div>\r\n\t\t<\/div>\r\n\t\t\t\t<div class=\"elementor-column elementor-col-50 elementor-inner-column elementor-element elementor-element-371b175\" data-id=\"371b175\" data-element_type=\"column\">\r\n\t\t\t<div class=\"elementor-widget-wrap elementor-element-populated\">\r\n\t\t\t\t\t\t\t\t<div class=\"elementor-element elementor-element-437f013 elementor-widget elementor-widget-cz_stylish_list\" data-id=\"437f013\" data-element_type=\"widget\" data-widget_type=\"cz_stylish_list.default\">\r\n\t\t\t\t<div class=\"elementor-widget-container\">\r\n\t\t\t<ul class=\"cz_stylish_list clr cz_sl_icon_hover_none\"><li class=\"elementor-repeater-item-7151bbe clr\"><div class=\"cz_sl_icon cz_sl_image\"><i class=\"mr10\"><img decoding=\"async\" width=\"284\" height=\"205\" src=\"data:image\/svg+xml,%3Csvg%20xmlns%3D&#39;http%3A%2F%2Fwww.w3.org%2F2000%2Fsvg&#39;%20width=&#39;284&#39;%20height=&#39;205&#39;%20viewBox%3D&#39;0%200%20284%20205&#39;%2F%3E\" data-czlz data-src=\"https:\/\/baklanmeyvecilik.com\/wp-content\/uploads\/2022\/08\/ikon-set-02-2.png\" class=\"attachment-full size-full\" alt=\"\" \/><\/i><\/div><div><span>Anteil organischer Substanz im Boden<small>Seit 2015 haben wir die Menge an organischer Substanz im Boden um das 2,5-fache erh\u00f6ht.<\/small><\/span><\/div><\/li><li class=\"elementor-repeater-item-24b9c60 clr\"><div class=\"cz_sl_icon cz_sl_image\"><i class=\"mr10\"><img decoding=\"async\" width=\"212\" height=\"181\" src=\"data:image\/svg+xml,%3Csvg%20xmlns%3D&#39;http%3A%2F%2Fwww.w3.org%2F2000%2Fsvg&#39;%20width=&#39;212&#39;%20height=&#39;181&#39;%20viewBox%3D&#39;0%200%20212%20181&#39;%2F%3E\" data-czlz data-src=\"https:\/\/baklanmeyvecilik.com\/wp-content\/uploads\/2022\/08\/ikon-set-24-1.png\" class=\"attachment-full size-full\" alt=\"\" \/><\/i><\/div><div><span>J\u00e4hrliche Kohlenstoffspeicherkapazit\u00e4t des Bodens<small>Seit 2015 wurde die Kohlenstoffbindungskapazit\u00e4t um 250% erh\u00f6ht.1% Erh\u00f6hung des Gehalts an organischer Substanz im Boden erm\u00f6glicht es dem Boden, etwa 2,5 Tonnen mehr Kohlenstoff pro 1 Dekar zu speichern.<\/small><\/span><\/div><\/li><li class=\"elementor-repeater-item-56b56d5 clr\"><div class=\"cz_sl_icon cz_sl_image\"><i class=\"mr10\"><img decoding=\"async\" width=\"172\" height=\"172\" src=\"data:image\/svg+xml,%3Csvg%20xmlns%3D&#39;http%3A%2F%2Fwww.w3.org%2F2000%2Fsvg&#39;%20width=&#39;172&#39;%20height=&#39;172&#39;%20viewBox%3D&#39;0%200%20172%20172&#39;%2F%3E\" data-czlz data-src=\"https:\/\/baklanmeyvecilik.com\/wp-content\/uploads\/2022\/08\/ikon-set-25-1.png\" class=\"attachment-full size-full\" alt=\"\" data-srcset=\"https:\/\/baklanmeyvecilik.com\/wp-content\/uploads\/2022\/08\/ikon-set-25-1.png 172w, https:\/\/baklanmeyvecilik.com\/wp-content\/uploads\/2022\/08\/ikon-set-25-1-150x150.png 150w\" data-sizes=\"(max-width: 172px) 100vw, 172px\" \/><\/i><\/div><div><span>J\u00e4hrliche Wasserhaltekapazit\u00e4t des Bodens<small>Die Wasserhaltekapazit\u00e4t wurde seit 2015 um 240% erh\u00f6ht<\/small><\/span><\/div><\/li><li class=\"elementor-repeater-item-729fd60 clr\"><div class=\"cz_sl_icon cz_sl_image\"><i class=\"mr10\"><img decoding=\"async\" width=\"281\" height=\"255\" src=\"data:image\/svg+xml,%3Csvg%20xmlns%3D&#39;http%3A%2F%2Fwww.w3.org%2F2000%2Fsvg&#39;%20width=&#39;281&#39;%20height=&#39;255&#39;%20viewBox%3D&#39;0%200%20281%20255&#39;%2F%3E\" data-czlz data-src=\"https:\/\/baklanmeyvecilik.com\/wp-content\/uploads\/2022\/08\/ikon-set-26.png\" class=\"attachment-full size-full\" alt=\"\" \/><\/i><\/div><div><span>J\u00e4hrliche\/ Kohlenstoffbindung der Aufforstung<small>5.100 Tonnen Kohlenstoff wurden in der von uns aufgeforsteten Fl\u00e4che mit 26.000 B\u00e4umen gespeichert.<\/small><\/span><\/div><\/li><li class=\"elementor-repeater-item-8a76d15 clr\"><div class=\"cz_sl_icon cz_sl_image\"><i class=\"mr10\"><img decoding=\"async\" width=\"294\" height=\"206\" src=\"data:image\/svg+xml,%3Csvg%20xmlns%3D&#39;http%3A%2F%2Fwww.w3.org%2F2000%2Fsvg&#39;%20width=&#39;294&#39;%20height=&#39;206&#39;%20viewBox%3D&#39;0%200%20294%20206&#39;%2F%3E\" data-czlz data-src=\"https:\/\/baklanmeyvecilik.com\/wp-content\/uploads\/2022\/08\/ikon-set-27.png\" class=\"attachment-full size-full\" alt=\"\" \/><\/i><\/div><div><span>SES-Investitionen vermeiden CO2-Emissionen<small>Mit der 3,2 MWh SES-Investition im Jahr 2022 sollen 4616 Tonnen CO2-Emissionen im Jahr 2023 vermieden werden.<\/small><\/span><\/div><\/li><li class=\"elementor-repeater-item-3e3c1f8 clr\"><div class=\"cz_sl_icon cz_sl_image\"><i class=\"mr10\"><img decoding=\"async\" width=\"181\" height=\"201\" src=\"data:image\/svg+xml,%3Csvg%20xmlns%3D&#39;http%3A%2F%2Fwww.w3.org%2F2000%2Fsvg&#39;%20width=&#39;181&#39;%20height=&#39;201&#39;%20viewBox%3D&#39;0%200%20181%20201&#39;%2F%3E\" data-czlz data-src=\"https:\/\/baklanmeyvecilik.com\/wp-content\/uploads\/2022\/08\/ikon-set-28.png\" class=\"attachment-full size-full\" alt=\"\" \/><\/i><\/div><div><span>Biodiversit\u00e4t<small>Mit der Zunahme organischer Substanz im Boden nimmt sowohl die pflanzliche als auch die tierische Biodiversit\u00e4t \u00fcber und unter dem Boden erheblich zu.<\/small><\/span><\/div><\/li><li class=\"elementor-repeater-item-0e33b57 clr\"><div class=\"cz_sl_icon cz_sl_image\"><i class=\"mr10\"><img decoding=\"async\" width=\"186\" height=\"193\" src=\"data:image\/svg+xml,%3Csvg%20xmlns%3D&#39;http%3A%2F%2Fwww.w3.org%2F2000%2Fsvg&#39;%20width=&#39;186&#39;%20height=&#39;193&#39;%20viewBox%3D&#39;0%200%20186%20193&#39;%2F%3E\" data-czlz data-src=\"https:\/\/baklanmeyvecilik.com\/wp-content\/uploads\/2022\/08\/ikon-set-29.png\" class=\"attachment-full size-full\" alt=\"\" \/><\/i><\/div><div><span>Tr\u00f6pfchenbew\u00e4sserung<small>Im Vergleich zu herk\u00f6mmlichen Bew\u00e4sserungsmethoden werden bis zu 70 % Wassereinsparung erzielt.<\/small><\/span><\/div><\/li><\/ul>\t\t<\/div>\r\n\t\t\t\t<\/div>\r\n\t\t\t\t\t<\/div>\r\n\t\t<\/div>\r\n\t\t\t\t\t\t\t<\/div>\r\n\t\t<\/section>\r\n\t\t\t\t<div class=\"elementor-element elementor-element-313a5f5 elementor-widget elementor-widget-spacer\" data-id=\"313a5f5\" data-element_type=\"widget\" data-widget_type=\"spacer.default\">\r\n\t\t\t\t<div class=\"elementor-widget-container\">\r\n\t\t\t\t\t<div class=\"elementor-spacer\">\r\n\t\t\t<div class=\"elementor-spacer-inner\"><\/div>\r\n\t\t<\/div>\r\n\t\t\t\t<\/div>\r\n\t\t\t\t<\/div>\r\n\t\t\t\t<div class=\"elementor-element elementor-element-57d658a elementor-widget__width-initial elementor-fixed elementor-hidden-mobile elementor-widget elementor-widget-cz_stylish_list\" data-id=\"57d658a\" data-element_type=\"widget\" data-settings=\"{&quot;_position&quot;:&quot;fixed&quot;}\" data-widget_type=\"cz_stylish_list.default\">\r\n\t\t\t\t<div class=\"elementor-widget-container\">\r\n\t\t\t<ul class=\"cz_stylish_list clr cz_sl_icon_hover_none\"><li class=\"elementor-repeater-item-3d68bb1 clr\"><a href=\"https:\/\/baklanmeyvecilik.com\/?page_id=2248\"><div class=\"cz_sl_icon\"><i class=\"mr10 fas fa-project-diagram\"><\/i><\/div><div><span>ANWENDUNGEN<\/span><\/div><\/a><\/li><li class=\"elementor-repeater-item-5756d8a clr\"><a href=\"https:\/\/baklanmeyvecilik.com\/?page_id=2227\"><div class=\"cz_sl_icon\"><i class=\"mr10 fas fa-redo-alt\"><\/i><\/div><div><span>NACHHALTIGKEIT<\/span><\/div><\/a><\/li><li class=\"elementor-repeater-item-1c4baab clr\"><a href=\"https:\/\/baklanmeyvecilik.com\/?page_id=2232\"><div class=\"cz_sl_icon\"><i class=\"mr10 fas fa-code-branch\"><\/i><\/div><div><span>NACHVERFOLGBARKEIT<\/span><\/div><\/a><\/li><li class=\"elementor-repeater-item-354e599 clr\"><a href=\"https:\/\/baklanmeyvecilik.com\/?page_id=2238\"><div class=\"cz_sl_icon\"><i class=\"mr10 fas fa-seedling\"><\/i><\/div><div><span>REGENERATIVE LANDWIRTSCHAFT<\/span><\/div><\/a><\/li><\/ul>\t\t<\/div>\r\n\t\t\t\t<\/div>\r\n\t\t\t\t<div class=\"elementor-element elementor-element-86ab061 elementor-icon-list--layout-inline elementor-mobile-align-center elementor-fixed elementor-hidden-desktop elementor-hidden-tablet elementor-list-item-link-full_width elementor-widget elementor-widget-icon-list\" data-id=\"86ab061\" data-element_type=\"widget\" data-settings=\"{&quot;_position&quot;:&quot;fixed&quot;}\" data-widget_type=\"icon-list.default\">\r\n\t\t\t\t<div class=\"elementor-widget-container\">\r\n\t\t\t<link rel=\"stylesheet\" href=\"https:\/\/baklanmeyvecilik.com\/wp-content\/plugins\/elementor\/assets\/css\/widget-icon-list.min.css\">\t\t<ul class=\"elementor-icon-list-items elementor-inline-items\">\r\n\t\t\t\t\t\t\t<li class=\"elementor-icon-list-item elementor-inline-item\">\r\n\t\t\t\t\t\t\t\t\t\t\t<a href=\"https:\/\/baklanmeyvecilik.com\/?page_id=69\">\r\n\r\n\t\t\t\t\t\t\t\t\t\t\t\t<span class=\"elementor-icon-list-icon\">\r\n\t\t\t\t\t\t\t<i aria-hidden=\"true\" class=\"fas fa-project-diagram\"><\/i>\t\t\t\t\t\t<\/span>\r\n\t\t\t\t\t\t\t\t\t\t<span class=\"elementor-icon-list-text\"><\/span>\r\n\t\t\t\t\t\t\t\t\t\t\t<\/a>\r\n\t\t\t\t\t\t\t\t\t<\/li>\r\n\t\t\t\t\t\t\t\t<li class=\"elementor-icon-list-item elementor-inline-item\">\r\n\t\t\t\t\t\t\t\t\t\t\t<a href=\"https:\/\/baklanmeyvecilik.com\/?page_id=82\">\r\n\r\n\t\t\t\t\t\t\t\t\t\t\t\t<span class=\"elementor-icon-list-icon\">\r\n\t\t\t\t\t\t\t<i aria-hidden=\"true\" class=\"fas fa-redo-alt\"><\/i>\t\t\t\t\t\t<\/span>\r\n\t\t\t\t\t\t\t\t\t\t<span class=\"elementor-icon-list-text\"><\/span>\r\n\t\t\t\t\t\t\t\t\t\t\t<\/a>\r\n\t\t\t\t\t\t\t\t\t<\/li>\r\n\t\t\t\t\t\t\t\t<li class=\"elementor-icon-list-item elementor-inline-item\">\r\n\t\t\t\t\t\t\t\t\t\t\t<a href=\"https:\/\/baklanmeyvecilik.com\/?page_id=125\">\r\n\r\n\t\t\t\t\t\t\t\t\t\t\t\t<span class=\"elementor-icon-list-icon\">\r\n\t\t\t\t\t\t\t<i aria-hidden=\"true\" class=\"fas fa-code-branch\"><\/i>\t\t\t\t\t\t<\/span>\r\n\t\t\t\t\t\t\t\t\t\t<span class=\"elementor-icon-list-text\"><\/span>\r\n\t\t\t\t\t\t\t\t\t\t\t<\/a>\r\n\t\t\t\t\t\t\t\t\t<\/li>\r\n\t\t\t\t\t\t\t\t<li class=\"elementor-icon-list-item elementor-inline-item\">\r\n\t\t\t\t\t\t\t\t\t\t\t<a href=\"https:\/\/baklanmeyvecilik.com\/?page_id=131\">\r\n\r\n\t\t\t\t\t\t\t\t\t\t\t\t<span class=\"elementor-icon-list-icon\">\r\n\t\t\t\t\t\t\t<i aria-hidden=\"true\" class=\"fas fa-seedling\"><\/i>\t\t\t\t\t\t<\/span>\r\n\t\t\t\t\t\t\t\t\t\t<span class=\"elementor-icon-list-text\"><\/span>\r\n\t\t\t\t\t\t\t\t\t\t\t<\/a>\r\n\t\t\t\t\t\t\t\t\t<\/li>\r\n\t\t\t\t\t\t<\/ul>\r\n\t\t\t\t<\/div>\r\n\t\t\t\t<\/div>\r\n\t\t\t\t\t<\/div>\r\n\t\t<\/div>\r\n\t\t\t\t\t\t\t<\/div>\r\n\t\t<\/section>\r\n\t\t\t\t\t\t\t<\/div>\r\n\t\t","protected":false},"excerpt":{"rendered":"<p>REGENERATIVE BIO-LANDWIRTSCHAFT Wir bearbeiten unseren Boden nicht. Wir bewahren die Vielfalt &#8230; <\/p>\n","protected":false},"author":1,"featured_media":0,"parent":0,"menu_order":0,"comment_status":"closed","ping_status":"closed","template":"","meta":{"footnotes":""},"class_list":["post-2238","page","type-page","status-publish","hentry"],"_links":{"self":[{"href":"https:\/\/baklanmeyvecilik.com\/index.php?rest_route=\/wp\/v2\/pages\/2238","targetHints":{"allow":["GET"]}}],"collection":[{"href":"https:\/\/baklanmeyvecilik.com\/index.php?rest_route=\/wp\/v2\/pages"}],"about":[{"href":"https:\/\/baklanmeyvecilik.com\/index.php?rest_route=\/wp\/v2\/types\/page"}],"author":[{"embeddable":true,"href":"https:\/\/baklanmeyvecilik.com\/index.php?rest_route=\/wp\/v2\/users\/1"}],"replies":[{"embeddable":true,"href":"https:\/\/baklanmeyvecilik.com\/index.php?rest_route=%2Fwp%2Fv2%2Fcomments&post=2238"}],"version-history":[{"count":12,"href":"https:\/\/baklanmeyvecilik.com\/index.php?rest_route=\/wp\/v2\/pages\/2238\/revisions"}],"predecessor-version":[{"id":2512,"href":"https:\/\/baklanmeyvecilik.com\/index.php?rest_route=\/wp\/v2\/pages\/2238\/revisions\/2512"}],"wp:attachment":[{"href":"https:\/\/baklanmeyvecilik.com\/index.php?rest_route=%2Fwp%2Fv2%2Fmedia&parent=2238"}],"curies":[{"name":"wp","href":"https:\/\/api.w.org\/{rel}","templated":true}]}}